{"id":9,"date":"2026-04-16T14:43:52","date_gmt":"2026-04-16T12:43:52","guid":{"rendered":"https:\/\/safemed.dkonto.pl\/?page_id=9"},"modified":"2026-04-16T14:43:52","modified_gmt":"2026-04-16T12:43:52","slug":"strona-glowna","status":"publish","type":"page","link":"https:\/\/safemed.dkonto.pl\/index.php\/strona-glowna\/","title":{"rendered":"Strona g\u0142\u00f3wna"},"content":{"rendered":"<div class=\"et_pb_section_0 et_pb_section et_section_regular et_flex_section\">\n<div class=\"et_pb_row_0 et_pb_row et_flex_row\">\n<div class=\"et_pb_column_0 et_pb_column et-last-child et_flex_column et_pb_css_mix_blend_mode_passthrough et_flex_column_8_24 et_flex_column_8_24_tablet et_flex_column_24_24_phone\">\n<div class=\"et_pb_image_0 et_pb_image et_pb_module et_flex_module\"><span class=\"et_pb_image_wrap\"><img loading=\"lazy\" decoding=\"async\" src=\"http:\/\/safemed.dkonto.pl\/wp-content\/uploads\/2026\/04\/poradnia-kardiologiczna-ikona.png\" title=\"poradnia-kardiologiczna-ikona\" width=\"512\" height=\"512\" srcset=\"http:\/\/safemed.dkonto.pl\/wp-content\/uploads\/2026\/04\/poradnia-kardiologiczna-ikona.png 512w, http:\/\/safemed.dkonto.pl\/wp-content\/uploads\/2026\/04\/poradnia-kardiologiczna-ikona-480x480.png 480w\" sizes=\"(min-width: 0px) and (max-width: 480px) 480px, (min-width: 481px) 512px, 100vw\" class=\"wp-image-12\" \/><\/span><\/div>\n\n<div class=\"et_pb_text_0 et_pb_text et_pb_bg_layout_light et_pb_module et_flex_module\"><div class=\"et_pb_text_inner\"><div data-source-pos=\"139:14-142:20\" data-source-name=\"div\" class=\"inline-flex items-center gap-3 rounded-full border border-zinc-200 bg-zinc-50 px-4 py-2 text-[11px] uppercase tracking-[0.28em] text-zinc-600\">Przychodnia Kardiologiczna<\/div>\n<div data-source-pos=\"143:14-150:20\" data-source-name=\"div\" class=\"space-y-6\"><\/div>\n<\/div><\/div>\n<\/div>\n<\/div>\n\n<div class=\"et_pb_row_1 et_pb_row et_flex_row\">\n<div class=\"et_pb_column_1 et_pb_column et_flex_column et_pb_css_mix_blend_mode_passthrough et_flex_column_3_5 et_flex_column_3_5_tablet et_flex_column_24_24_phone\">\n<div class=\"et_pb_text_1 et_pb_text et_pb_bg_layout_light et_pb_module et_flex_module\"><div class=\"et_pb_text_inner\"><p data-source-pos=\"144:16-146:21\" data-source-name=\"h1\" class=\"max-w-3xl text-5xl font-light leading-[1.02] tracking-tight text-zinc-950 md:text-7xl\">Kompleksowa opieka kardiologiczna i radiologiczna<\/p>\n<\/div><\/div>\n\n<div class=\"et_pb_text_2 et_pb_text et_pb_bg_layout_light et_pb_module et_flex_module\"><div class=\"et_pb_text_inner\"><p>Safemed to plac\u00f3wka, w kt\u00f3rej pacjenci mog\u0105 liczy\u0107 na kompleksow\u0105 opiek\u0119 kardiologiczn\u0105 i radiologiczn\u0105 w przyjaznej, spokojnej atmosferze. Do\u015bwiadczeni specjali\u015bci, nowoczesna diagnostyka oraz indywidualne podej\u015bcie pomagaj\u0105 szybko zadba\u0107 o zdrowie i poczucie bezpiecze\u0144stwa. Dbamy o to, aby ka\u017cdy etap wizyty by\u0142 jasny, komfortowy i zrozumia\u0142y dla pacjenta. Skontaktuj si\u0119 z nami i sprawd\u017a, jak mo\u017cemy pom\u00f3c Tobie lub Twoim bliskim.<\/p>\n<\/div><\/div>\n\n<div class=\"et_pb_row_2 et_pb_row et_pb_row_nested et_flex_row\">\n<div class=\"et_pb_column_2 et_pb_column et_flex_column et_pb_css_mix_blend_mode_passthrough et_flex_column_12_24 et_flex_column_12_24_tablet et_flex_column_24_24_phone\">\n<div class=\"et_pb_module et_pb_button_module_wrapper et_pb_button_0_wrapper\"><a class=\"et_pb_button_0 et_pb_button et_pb_bg_layout_light et_pb_module et_flex_module\" href=\"\" data-icon=\"$\">Poznaj nas<\/a><\/div>\n\n<div class=\"et_pb_module et_pb_button_module_wrapper et_pb_button_1_wrapper\"><a class=\"et_pb_button_1 et_pb_button et_pb_bg_layout_light et_pb_module et_flex_module\" href=\"\" data-icon=\"$\">Pierwsza wizyta<\/a><\/div>\n<\/div>\n\n<div class=\"et_pb_column_3 et_pb_column et-last-child et_flex_column et_pb_column_empty et_pb_css_mix_blend_mode_passthrough et_flex_column_12_24 et_flex_column_12_24_tablet et_flex_column_24_24_phone\"><\/div>\n<\/div>\n\n<div class=\"et_pb_row_3 et_pb_row et_pb_row_nested et_flex_row\">\n<div class=\"et_pb_column_4 et_pb_column et_flex_column et_pb_css_mix_blend_mode_passthrough et_flex_column_8_24 et_flex_column_8_24_tablet et_flex_column_24_24_phone\">\n<div class=\"et_pb_text_3 et_pb_text et_pb_bg_layout_light et_pb_module et_flex_module\"><div class=\"et_pb_text_inner\"><p><span>Komfort<\/span><\/p>\n<\/div><\/div>\n\n<div class=\"et_pb_text_4 et_pb_text et_pb_bg_layout_light et_pb_module et_flex_module\"><div class=\"et_pb_text_inner\"><p><span>minimalizm i jasna komunikacja<\/span><\/p>\n<\/div><\/div>\n<\/div>\n\n<div class=\"et_pb_column_5 et_pb_column et_flex_column et_pb_css_mix_blend_mode_passthrough et_flex_column_8_24 et_flex_column_8_24_tablet et_flex_column_24_24_phone\">\n<div class=\"et_pb_text_5 et_pb_text et_pb_bg_layout_light et_pb_module et_flex_module\"><div class=\"et_pb_text_inner\"><p>Zaufanie<\/p>\n<\/div><\/div>\n\n<div class=\"et_pb_text_6 et_pb_text et_pb_bg_layout_light et_pb_module et_flex_module\"><div class=\"et_pb_text_inner\"><p><span>medyczna elegancja bez przesytu<\/span><\/p>\n<\/div><\/div>\n<\/div>\n\n<div class=\"et_pb_column_6 et_pb_column et-last-child et_flex_column et_pb_css_mix_blend_mode_passthrough et_flex_column_8_24 et_flex_column_8_24_tablet et_flex_column_24_24_phone\">\n<div class=\"et_pb_text_7 et_pb_text et_pb_bg_layout_light et_pb_module et_flex_module\"><div class=\"et_pb_text_inner\"><p><span>Czytelno\u015b\u0107<\/span><\/p>\n<\/div><\/div>\n\n<div class=\"et_pb_text_8 et_pb_text et_pb_bg_layout_light et_pb_module et_flex_module\"><div class=\"et_pb_text_inner\"><p><span>sekcje prowadz\u0105ce pacjenta krok po kroku<\/span><\/p>\n<\/div><\/div>\n<\/div>\n<\/div>\n<\/div>\n\n<div class=\"et_pb_column_7 et_pb_column et-last-child et_flex_column et_pb_column_empty et_pb_css_mix_blend_mode_passthrough et_flex_column_2_5 et_flex_column_2_5_tablet et_flex_column_24_24_phone\"><\/div>\n<\/div>\n<\/div>\n\n<div class=\"et_pb_section_1 et_pb_section et_section_regular et_flex_section\">\n<div class=\"et_pb_row_4 et_pb_row et_flex_row\">\n<div class=\"et_pb_column_8 et_pb_column et_flex_column et_pb_css_mix_blend_mode_passthrough et_flex_column_12_24 et_flex_column_24_24_tablet et_flex_column_24_24_phone\">\n<div class=\"et_pb_text_9 et_pb_text et_pb_bg_layout_light et_pb_module et_flex_module\"><div class=\"et_pb_text_inner\"><p data-source-pos=\"144:16-146:21\" data-source-name=\"h1\" class=\"max-w-3xl text-5xl font-light leading-[1.02] tracking-tight text-zinc-950 md:text-7xl\"><span>POZNAJ NAS<\/span><\/p>\n<\/div><\/div>\n\n<div class=\"et_pb_text_10 et_pb_text et_pb_bg_layout_light et_pb_module et_flex_module\"><div class=\"et_pb_text_inner\"><p data-source-pos=\"144:16-146:21\" data-source-name=\"h1\" class=\"max-w-3xl text-5xl font-light leading-[1.02] tracking-tight text-zinc-950 md:text-7xl\">Sekcja o przychodni zaprojektowana jak strona butikowej kliniki premium.<\/p>\n<\/div><\/div>\n\n<div class=\"et_pb_text_11 et_pb_text et_pb_bg_layout_light et_pb_module et_flex_module\"><div class=\"et_pb_text_inner\"><p>Zamiast ci\u0119\u017ckich blok\u00f3w tekstu \u2013 jasna narracja, du\u017ce marginesy, starannie podane warto\u015bci i poczucie medycznego spokoju. To uk\u0142ad, kt\u00f3ry dobrze dzia\u0142a przy marce specjalistycznej i zaufanej.<\/p>\n<\/div><\/div>\n<\/div>\n\n<div class=\"et_pb_column_9 et_pb_column et_flex_column et_pb_css_mix_blend_mode_passthrough et_flex_column_4_24 et_flex_column_8_24_tablet et_flex_column_12_24_phone\">\n<div class=\"et_pb_blurb_0 et_pb_blurb et_pb_bg_layout_light et_pb_blurb_position_top et_pb_module et_flex_module\"><div class=\"et_pb_blurb_content et_flex_module\"><div class=\"et_pb_main_blurb_image\"><span class=\"et_pb_image_wrap et_pb_only_image_mode_wrap\"><img loading=\"lazy\" decoding=\"async\" src=\"http:\/\/safemed.dkonto.pl\/wp-content\/uploads\/2026\/04\/poradnia-kardiologiczna-ikona.png\" width=\"512\" height=\"512\" srcset=\"http:\/\/safemed.dkonto.pl\/wp-content\/uploads\/2026\/04\/poradnia-kardiologiczna-ikona.png 512w, http:\/\/safemed.dkonto.pl\/wp-content\/uploads\/2026\/04\/poradnia-kardiologiczna-ikona-480x480.png 480w\" sizes=\"(min-width: 0px) and (max-width: 480px) 480px, (min-width: 481px) 512px, 100vw\" class=\"wp-image-12\" title=\"poradnia-kardiologiczna-ikona\" \/><\/span><\/div><div class=\"et_pb_blurb_container\"><h4 class=\"et_pb_module_header\">Tutaj Wpisz Sw\u00f3j Tytu\u0142<\/h4><div class=\"et_pb_blurb_description\"><p>Tutaj znajduje si\u0119 Twoja tre\u015b\u0107. Edytuj lub usu\u0144 ten tekst bezpo\u015brednio albo w ustawieniach Tre\u015bci modu\u0142u. Mo\u017cesz te\u017c ostylowa\u0107 ka\u017cdy aspekt tej tre\u015bci w ustawieniach Projektu modu\u0142u, a nawet zastosowa\u0107 w\u0142asny CSS do tego tekstu w ustawieniach Zaawansowanych modu\u0142u.<\/p>\n<\/div><\/div><\/div><\/div>\n<\/div>\n\n<div class=\"et_pb_column_10 et_pb_column et_flex_column et_pb_column_empty et_pb_css_mix_blend_mode_passthrough et_flex_column_4_24 et_flex_column_8_24_tablet et_flex_column_12_24_phone\"><\/div>\n\n<div class=\"et_pb_column_11 et_pb_column et-last-child et_flex_column et_pb_column_empty et_pb_css_mix_blend_mode_passthrough et_flex_column_4_24 et_flex_column_8_24_tablet et_flex_column_12_24_phone\"><\/div>\n<\/div>\n<\/div>\n\n<div class=\"et_pb_section_2 et_pb_section et_section_regular et_flex_section\">\n<div class=\"et_pb_row_5 et_pb_row et-vb-row--no-module et_flex_row\">\n<div class=\"et_pb_column_12 et_pb_column et-last-child et_flex_column et_pb_column_empty et_pb_css_mix_blend_mode_passthrough et_flex_column_24_24 et_flex_column_24_24_tablet et_flex_column_24_24_phone\"><\/div>\n<\/div>\n<\/div>","protected":false},"excerpt":{"rendered":"","protected":false},"author":2,"featured_media":0,"parent":0,"menu_order":0,"comment_status":"closed","ping_status":"closed","template":"","meta":{"footnotes":""},"class_list":["post-9","page","type-page","status-publish","hentry"],"_links":{"self":[{"href":"https:\/\/safemed.dkonto.pl\/index.php\/wp-json\/wp\/v2\/pages\/9","targetHints":{"allow":["GET"]}}],"collection":[{"href":"https:\/\/safemed.dkonto.pl\/index.php\/wp-json\/wp\/v2\/pages"}],"about":[{"href":"https:\/\/safemed.dkonto.pl\/index.php\/wp-json\/wp\/v2\/types\/page"}],"author":[{"embeddable":true,"href":"https:\/\/safemed.dkonto.pl\/index.php\/wp-json\/wp\/v2\/users\/2"}],"replies":[{"embeddable":true,"href":"https:\/\/safemed.dkonto.pl\/index.php\/wp-json\/wp\/v2\/comments?post=9"}],"version-history":[{"count":4,"href":"https:\/\/safemed.dkonto.pl\/index.php\/wp-json\/wp\/v2\/pages\/9\/revisions"}],"predecessor-version":[{"id":15,"href":"https:\/\/safemed.dkonto.pl\/index.php\/wp-json\/wp\/v2\/pages\/9\/revisions\/15"}],"wp:attachment":[{"href":"https:\/\/safemed.dkonto.pl\/index.php\/wp-json\/wp\/v2\/media?parent=9"}],"curies":[{"name":"wp","href":"https:\/\/api.w.org\/{rel}","templated":true}]}}